{"id":3999,"date":"2025-09-24T19:41:09","date_gmt":"2025-09-25T01:41:09","guid":{"rendered":"https:\/\/milatextilesbordados.com\/?page_id=3999"},"modified":"2025-09-24T19:44:47","modified_gmt":"2025-09-25T01:44:47","slug":"politica-de-devolucion","status":"publish","type":"page","link":"https:\/\/milatextilesbordados.com\/index.php\/politica-de-devolucion\/","title":{"rendered":"Pol\u00edtica de devoluci\u00f3n"},"content":{"rendered":"\t\t<div data-elementor-type=\"wp-page\" data-elementor-id=\"3999\" class=\"elementor elementor-3999\">\n\t\t\t\t<div class=\"elementor-element elementor-element-7f1fb6ca e-flex e-con-boxed e-con e-parent\" data-id=\"7f1fb6ca\" data-element_type=\"container\" data-e-type=\"container\">\n\t\t\t\t\t<div class=\"e-con-inner\">\n\t\t\t\t<div class=\"elementor-element elementor-element-4cd9a33a elementor-widget elementor-widget-text-editor\" data-id=\"4cd9a33a\" data-element_type=\"widget\" data-e-type=\"widget\" data-widget_type=\"text-editor.default\">\n\t\t\t\t<div class=\"elementor-widget-container\">\n\t\t\t\t\t\t\t\t\t\n<p>En <strong data-start=\"198\" data-end=\"234\">Mila Textiles Bordados<\/strong> nos enorgullecemos de ofrecer prendas artesanales elaboradas con dedicaci\u00f3n por nuestros bordadores. Cada pieza es \u00fanica y cuidadosamente revisada antes de enviarse.<\/p>\n<p data-start=\"404\" data-end=\"539\">Aun as\u00ed, entendemos que pueden presentarse situaciones especiales, por lo que ofrecemos devoluciones bajo las siguientes condiciones:<\/p>\n<ol>\n<li data-start=\"544\" data-end=\"570\"><strong data-start=\"544\" data-end=\"568\">Causas de devoluci\u00f3n<\/strong>\n<ul>\n<li data-start=\"576\" data-end=\"672\">\u00danicamente aceptamos devoluciones en caso de <strong data-start=\"621\" data-end=\"669\">fallas de fabricaci\u00f3n o defecto en la prenda<\/strong>.<\/li>\n<li data-start=\"678\" data-end=\"807\">No se aceptan devoluciones por cambios de talla, dise\u00f1o, color o gusto personal, debido a la naturaleza artesanal del producto.<\/li>\n<\/ul>\n<\/li>\n<li data-start=\"812\" data-end=\"852\"><strong data-start=\"812\" data-end=\"850\">Plazo para solicitar la devoluci\u00f3n<\/strong>\n<ul>\n<li data-start=\"858\" data-end=\"1076\">El cliente deber\u00e1 notificar el defecto dentro de los <strong data-start=\"911\" data-end=\"931\">7 d\u00edas naturales<\/strong> posteriores a la recepci\u00f3n del pedido, enviando fotograf\u00edas y una breve descripci\u00f3n del problema a nuestro correo: <strong>contacto@milatextilesbordados.com.<\/strong><\/li>\n<\/ul>\n<\/li>\n<li data-start=\"1081\" data-end=\"1102\"><strong data-start=\"1081\" data-end=\"1100\">Gastos de env\u00edo<\/strong>\n<ul>\n<li data-start=\"1108\" data-end=\"1183\">Los <strong data-start=\"1112\" data-end=\"1148\">costos de env\u00edo de la devoluci\u00f3n<\/strong> correr\u00e1n por cuenta del cliente.<\/li>\n<li data-start=\"1189\" data-end=\"1294\">Una vez recibido el producto y confirmada la falla, se proceder\u00e1 al reembolso o reemplazo de la prenda.<\/li>\n<\/ul>\n<\/li>\n<li data-start=\"1299\" data-end=\"1324\"><strong data-start=\"1299\" data-end=\"1322\">Estado del producto<\/strong>\n<ul>\n<li data-start=\"1330\" data-end=\"1454\">El art\u00edculo debe enviarse en las mismas condiciones en que se recibi\u00f3, sin uso ni alteraciones, y con su empaque original.<\/li>\n<\/ul>\n<\/li>\n<\/ol>\n\t\t\t\t\t\t\t\t<\/div>\n\t\t\t\t<\/div>\n\t\t\t\t\t<\/div>\n\t\t\t\t<\/div>\n\t\t\t\t<\/div>\n\t\t","protected":false},"excerpt":{"rendered":"<p>En Mila Textiles Bordados nos enorgullecemos de ofrecer prendas artesanales elaboradas con dedicaci\u00f3n por nuestros bordadores. Cada pieza es \u00fanica y cuidadosamente revisada antes de enviarse. Aun as\u00ed, entendemos que pueden presentarse situaciones especiales, por lo que ofrecemos devoluciones bajo las siguientes condiciones: Causas de devoluci\u00f3n \u00danicamente aceptamos devoluciones en caso de fallas de fabricaci\u00f3n [&hellip;]<\/p>\n","protected":false},"author":1,"featured_media":0,"parent":0,"menu_order":0,"comment_status":"closed","ping_status":"open","template":"","meta":{"site-sidebar-layout":"default","site-content-layout":"","ast-site-content-layout":"default","site-content-style":"default","site-sidebar-style":"default","ast-global-header-display":"","ast-banner-title-visibility":"","ast-main-header-display":"","ast-hfb-above-header-display":"","ast-hfb-below-header-display":"","ast-hfb-mobile-header-display":"","site-post-title":"","ast-breadcrumbs-content":"","ast-featured-img":"","footer-sml-layout":"","ast-disable-related-posts":"","theme-transparent-header-meta":"","adv-header-id-meta":"","stick-header-meta":"","header-above-stick-meta":"","header-main-stick-meta":"","header-below-stick-meta":"","astra-migrate-meta-layouts":"set","ast-page-background-enabled":"default","ast-page-background-meta":{"desktop":{"background-color":"","background-image":"","background-repeat":"repeat","background-position":"center center","background-size":"auto","background-attachment":"scroll","background-type":"","background-media":"","overlay-type":"","overlay-color":"","overlay-opacity":"","overlay-gradient":""},"tablet":{"background-color":"","background-image":"","background-repeat":"repeat","background-position":"center center","background-size":"auto","background-attachment":"scroll","background-type":"","background-media":"","overlay-type":"","overlay-color":"","overlay-opacity":"","overlay-gradient":""},"mobile":{"background-color":"","background-image":"","background-repeat":"repeat","background-position":"center center","background-size":"auto","background-attachment":"scroll","background-type":"","background-media":"","overlay-type":"","overlay-color":"","overlay-opacity":"","overlay-gradient":""}},"ast-content-background-meta":{"desktop":{"background-color":"var(--ast-global-color-5)","background-image":"","background-repeat":"repeat","background-position":"center center","background-size":"auto","background-attachment":"scroll","background-type":"","background-media":"","overlay-type":"","overlay-color":"","overlay-opacity":"","overlay-gradient":""},"tablet":{"background-color":"var(--ast-global-color-5)","background-image":"","background-repeat":"repeat","background-position":"center center","background-size":"auto","background-attachment":"scroll","background-type":"","background-media":"","overlay-type":"","overlay-color":"","overlay-opacity":"","overlay-gradient":""},"mobile":{"background-color":"var(--ast-global-color-5)","background-image":"","background-repeat":"repeat","background-position":"center center","background-size":"auto","background-attachment":"scroll","background-type":"","background-media":"","overlay-type":"","overlay-color":"","overlay-opacity":"","overlay-gradient":""}},"footnotes":""},"class_list":["post-3999","page","type-page","status-publish","hentry"],"jetpack_sharing_enabled":true,"_links":{"self":[{"href":"https:\/\/milatextilesbordados.com\/index.php\/wp-json\/wp\/v2\/pages\/3999","targetHints":{"allow":["GET"]}}],"collection":[{"href":"https:\/\/milatextilesbordados.com\/index.php\/wp-json\/wp\/v2\/pages"}],"about":[{"href":"https:\/\/milatextilesbordados.com\/index.php\/wp-json\/wp\/v2\/types\/page"}],"author":[{"embeddable":true,"href":"https:\/\/milatextilesbordados.com\/index.php\/wp-json\/wp\/v2\/users\/1"}],"replies":[{"embeddable":true,"href":"https:\/\/milatextilesbordados.com\/index.php\/wp-json\/wp\/v2\/comments?post=3999"}],"version-history":[{"count":4,"href":"https:\/\/milatextilesbordados.com\/index.php\/wp-json\/wp\/v2\/pages\/3999\/revisions"}],"predecessor-version":[{"id":4003,"href":"https:\/\/milatextilesbordados.com\/index.php\/wp-json\/wp\/v2\/pages\/3999\/revisions\/4003"}],"wp:attachment":[{"href":"https:\/\/milatextilesbordados.com\/index.php\/wp-json\/wp\/v2\/media?parent=3999"}],"curies":[{"name":"wp","href":"https:\/\/api.w.org\/{rel}","templated":true}]}}