{"id":3346,"date":"2025-01-31T11:24:57","date_gmt":"2025-01-31T17:24:57","guid":{"rendered":"https:\/\/milatextilesbordados.com\/index.php\/producto\/top-bugambilia-talla-mediana\/"},"modified":"2025-10-01T09:37:03","modified_gmt":"2025-10-01T15:37:03","slug":"top-bugambilia-talla-mediana","status":"publish","type":"product","link":"https:\/\/milatextilesbordados.com\/index.php\/producto\/top-bugambilia-talla-mediana\/","title":{"rendered":"Top Bugambilia Talla Mediana"},"content":{"rendered":"<p>Crop top color bugambilia elaborado con tela techno, que contiene spandex, y con bordado tenango multicolor.<\/p>\n<p><strong>Medidas:<\/strong><\/p>\n<p>Contorno busto 90 cm<\/p>\n<p>La tela lleva spandex y puede estirar unos cent\u00edmetros m\u00e1s de las medidas proporcionadas.<\/p>\n<p>El color puede variar al que ves en la fotograf\u00eda debido a la distorsi\u00f3n de color de pantalla de cada dispositivo.<\/p>\n","protected":false},"excerpt":{"rendered":"<p>Crop top color bugambilia elaborado con tela techno, que contiene spandex, y con bordado tenango multicolor. Medidas: Contorno busto 90 cm La tela lleva spandex y puede estirar unos cent\u00edmetros m\u00e1s de las medidas proporcionadas. El color puede variar al que ves en la fotograf\u00eda debido a la distorsi\u00f3n de color de pantalla de cada [&hellip;]<\/p>\n","protected":false},"featured_media":3343,"comment_status":"open","ping_status":"closed","template":"","meta":{"site-sidebar-layout":"default","site-content-layout":"","ast-site-content-layout":"default","site-content-style":"default","site-sidebar-style":"default","ast-global-header-display":"","ast-banner-title-visibility":"","ast-main-header-display":"","ast-hfb-above-header-display":"","ast-hfb-below-header-display":"","ast-hfb-mobile-header-display":"","site-post-title":"","ast-breadcrumbs-content":"","ast-featured-img":"","footer-sml-layout":"","ast-disable-related-posts":"","theme-transparent-header-meta":"","adv-header-id-meta":"","stick-header-meta":"","header-above-stick-meta":"","header-main-stick-meta":"","header-below-stick-meta":"","astra-migrate-meta-layouts":"default","ast-page-background-enabled":"default","ast-page-background-meta":{"desktop":{"background-color":"","background-image":"","background-repeat":"repeat","background-position":"center center","background-size":"auto","background-attachment":"scroll","background-type":"","background-media":"","overlay-type":"","overlay-color":"","overlay-opacity":"","overlay-gradient":""},"tablet":{"background-color":"","background-image":"","background-repeat":"repeat","background-position":"center center","background-size":"auto","background-attachment":"scroll","background-type":"","background-media":"","overlay-type":"","overlay-color":"","overlay-opacity":"","overlay-gradient":""},"mobile":{"background-color":"","background-image":"","background-repeat":"repeat","background-position":"center center","background-size":"auto","background-attachment":"scroll","background-type":"","background-media":"","overlay-type":"","overlay-color":"","overlay-opacity":"","overlay-gradient":""}},"ast-content-background-meta":{"desktop":{"background-color":"var(--ast-global-color-5)","background-image":"","background-repeat":"repeat","background-position":"center center","background-size":"auto","background-attachment":"scroll","background-type":"","background-media":"","overlay-type":"","overlay-color":"","overlay-opacity":"","overlay-gradient":""},"tablet":{"background-color":"var(--ast-global-color-5)","background-image":"","background-repeat":"repeat","background-position":"center center","background-size":"auto","background-attachment":"scroll","background-type":"","background-media":"","overlay-type":"","overlay-color":"","overlay-opacity":"","overlay-gradient":""},"mobile":{"background-color":"var(--ast-global-color-5)","background-image":"","background-repeat":"repeat","background-position":"center center","background-size":"auto","background-attachment":"scroll","background-type":"","background-media":"","overlay-type":"","overlay-color":"","overlay-opacity":"","overlay-gradient":""}}},"product_brand":[],"product_cat":[50],"product_tag":[],"class_list":{"0":"post-3346","1":"product","2":"type-product","3":"status-publish","4":"has-post-thumbnail","6":"product_cat-mujer","7":"desktop-align-left","8":"tablet-align-left","9":"mobile-align-left","11":"first","12":"outofstock","13":"shipping-taxable","14":"purchasable","15":"product-type-simple"},"jetpack_sharing_enabled":true,"_links":{"self":[{"href":"https:\/\/milatextilesbordados.com\/index.php\/wp-json\/wp\/v2\/product\/3346","targetHints":{"allow":["GET"]}}],"collection":[{"href":"https:\/\/milatextilesbordados.com\/index.php\/wp-json\/wp\/v2\/product"}],"about":[{"href":"https:\/\/milatextilesbordados.com\/index.php\/wp-json\/wp\/v2\/types\/product"}],"replies":[{"embeddable":true,"href":"https:\/\/milatextilesbordados.com\/index.php\/wp-json\/wp\/v2\/comments?post=3346"}],"wp:featuredmedia":[{"embeddable":true,"href":"https:\/\/milatextilesbordados.com\/index.php\/wp-json\/wp\/v2\/media\/3343"}],"wp:attachment":[{"href":"https:\/\/milatextilesbordados.com\/index.php\/wp-json\/wp\/v2\/media?parent=3346"}],"wp:term":[{"taxonomy":"product_brand","embeddable":true,"href":"https:\/\/milatextilesbordados.com\/index.php\/wp-json\/wp\/v2\/product_brand?post=3346"},{"taxonomy":"product_cat","embeddable":true,"href":"https:\/\/milatextilesbordados.com\/index.php\/wp-json\/wp\/v2\/product_cat?post=3346"},{"taxonomy":"product_tag","embeddable":true,"href":"https:\/\/milatextilesbordados.com\/index.php\/wp-json\/wp\/v2\/product_tag?post=3346"}],"curies":[{"name":"wp","href":"https:\/\/api.w.org\/{rel}","templated":true}]}}