{"id":3396,"date":"2025-02-21T13:33:32","date_gmt":"2025-02-21T19:33:32","guid":{"rendered":"https:\/\/milatextilesbordados.com\/index.php\/producto\/vestido-blanco-unitalla\/"},"modified":"2025-02-21T13:33:35","modified_gmt":"2025-02-21T19:33:35","slug":"vestido-blanco-unitalla","status":"publish","type":"product","link":"https:\/\/milatextilesbordados.com\/index.php\/producto\/vestido-blanco-unitalla\/","title":{"rendered":"Vestido Blanco Unitalla"},"content":{"rendered":"<p>Vestido blanco unitalla elaborado con tela de algod\u00f3n y con bordado tenango multicolor.<\/p>\n<p><strong>Medidas<\/strong>:<\/p>\n<p>En la cintura lleva el\u00e1stico que en reposo mide de contorno cintura 60 cm y estira hasta 95  cm.<\/p>\n<p>El color puede variar al que ves en la fotograf\u00eda debido a la distorsi\u00f3n de color de pantalla de cada dispositivo.<\/p>\n","protected":false},"excerpt":{"rendered":"<p>Vestido blanco unitalla elaborado con tela de algod\u00f3n y con bordado tenango multicolor. Medidas: En la cintura lleva el\u00e1stico que en reposo mide de contorno cintura 60 cm y estira hasta 95 cm. El color puede variar al que ves en la fotograf\u00eda debido a la distorsi\u00f3n de color de pantalla de cada dispositivo.<\/p>\n","protected":false},"featured_media":3393,"comment_status":"open","ping_status":"closed","template":"","meta":{"site-sidebar-layout":"default","site-content-layout":"","ast-site-content-layout":"default","site-content-style":"default","site-sidebar-style":"default","ast-global-header-display":"","ast-banner-title-visibility":"","ast-main-header-display":"","ast-hfb-above-header-display":"","ast-hfb-below-header-display":"","ast-hfb-mobile-header-display":"","site-post-title":"","ast-breadcrumbs-content":"","ast-featured-img":"","footer-sml-layout":"","ast-disable-related-posts":"","theme-transparent-header-meta":"","adv-header-id-meta":"","stick-header-meta":"","header-above-stick-meta":"","header-main-stick-meta":"","header-below-stick-meta":"","astra-migrate-meta-layouts":"default","ast-page-background-enabled":"default","ast-page-background-meta":{"desktop":{"background-color":"","background-image":"","background-repeat":"repeat","background-position":"center center","background-size":"auto","background-attachment":"scroll","background-type":"","background-media":"","overlay-type":"","overlay-color":"","overlay-opacity":"","overlay-gradient":""},"tablet":{"background-color":"","background-image":"","background-repeat":"repeat","background-position":"center center","background-size":"auto","background-attachment":"scroll","background-type":"","background-media":"","overlay-type":"","overlay-color":"","overlay-opacity":"","overlay-gradient":""},"mobile":{"background-color":"","background-image":"","background-repeat":"repeat","background-position":"center center","background-size":"auto","background-attachment":"scroll","background-type":"","background-media":"","overlay-type":"","overlay-color":"","overlay-opacity":"","overlay-gradient":""}},"ast-content-background-meta":{"desktop":{"background-color":"var(--ast-global-color-5)","background-image":"","background-repeat":"repeat","background-position":"center center","background-size":"auto","background-attachment":"scroll","background-type":"","background-media":"","overlay-type":"","overlay-color":"","overlay-opacity":"","overlay-gradient":""},"tablet":{"background-color":"var(--ast-global-color-5)","background-image":"","background-repeat":"repeat","background-position":"center center","background-size":"auto","background-attachment":"scroll","background-type":"","background-media":"","overlay-type":"","overlay-color":"","overlay-opacity":"","overlay-gradient":""},"mobile":{"background-color":"var(--ast-global-color-5)","background-image":"","background-repeat":"repeat","background-position":"center center","background-size":"auto","background-attachment":"scroll","background-type":"","background-media":"","overlay-type":"","overlay-color":"","overlay-opacity":"","overlay-gradient":""}}},"product_brand":[],"product_cat":[50],"product_tag":[],"class_list":{"0":"post-3396","1":"product","2":"type-product","3":"status-publish","4":"has-post-thumbnail","6":"product_cat-mujer","7":"desktop-align-left","8":"tablet-align-left","9":"mobile-align-left","11":"first","12":"instock","13":"shipping-taxable","14":"purchasable","15":"product-type-simple"},"jetpack_sharing_enabled":true,"_links":{"self":[{"href":"https:\/\/milatextilesbordados.com\/index.php\/wp-json\/wp\/v2\/product\/3396","targetHints":{"allow":["GET"]}}],"collection":[{"href":"https:\/\/milatextilesbordados.com\/index.php\/wp-json\/wp\/v2\/product"}],"about":[{"href":"https:\/\/milatextilesbordados.com\/index.php\/wp-json\/wp\/v2\/types\/product"}],"replies":[{"embeddable":true,"href":"https:\/\/milatextilesbordados.com\/index.php\/wp-json\/wp\/v2\/comments?post=3396"}],"wp:featuredmedia":[{"embeddable":true,"href":"https:\/\/milatextilesbordados.com\/index.php\/wp-json\/wp\/v2\/media\/3393"}],"wp:attachment":[{"href":"https:\/\/milatextilesbordados.com\/index.php\/wp-json\/wp\/v2\/media?parent=3396"}],"wp:term":[{"taxonomy":"product_brand","embeddable":true,"href":"https:\/\/milatextilesbordados.com\/index.php\/wp-json\/wp\/v2\/product_brand?post=3396"},{"taxonomy":"product_cat","embeddable":true,"href":"https:\/\/milatextilesbordados.com\/index.php\/wp-json\/wp\/v2\/product_cat?post=3396"},{"taxonomy":"product_tag","embeddable":true,"href":"https:\/\/milatextilesbordados.com\/index.php\/wp-json\/wp\/v2\/product_tag?post=3396"}],"curies":[{"name":"wp","href":"https:\/\/api.w.org\/{rel}","templated":true}]}}