{"id":3561,"date":"2025-03-20T14:52:52","date_gmt":"2025-03-20T20:52:52","guid":{"rendered":"https:\/\/milatextilesbordados.com\/index.php\/producto\/blusa-olanes-talla-grande\/"},"modified":"2026-03-10T08:36:56","modified_gmt":"2026-03-10T14:36:56","slug":"blusa-olanes-talla-grande","status":"publish","type":"product","link":"https:\/\/milatextilesbordados.com\/index.php\/producto\/blusa-olanes-talla-grande\/","title":{"rendered":"Blusa Olanes talla Grande"},"content":{"rendered":"<p>Blusa talla grande, elaborada con manta prelavada de algod\u00f3n color crudo y con bordado tenango multicolor.<\/p>\n<p><strong>Medidas<\/strong>:<\/p>\n<p>Contorno busto 100 cm<\/p>\n<p>Largo 51 cm<\/p>\n<p style=\"border: 0px;font-size: 14px;font-style: normal;font-weight: 400;margin: 0px 0px 1em;padding: 0px;vertical-align: baseline;font-family: Montserrat, sans-serif;letter-spacing: normal;text-align: start;text-indent: 0px;text-transform: none;text-decoration: none\">En la espalda lleva el\u00e1stico que puede estirar unos cent\u00edmetros m\u00e1s de las medidas proporcionadas.<\/p>\n<p style=\"border: 0px;font-size: 14px;font-style: normal;font-weight: 400;margin: 0px;padding: 0px;vertical-align: baseline;font-family: Montserrat, sans-serif;letter-spacing: normal;text-align: start;text-indent: 0px;text-transform: none;text-decoration: none\">El color puede variar al que ves en la fotograf\u00eda debido a la distorsi\u00f3n de color de pantalla de cada dispositivo.<\/p>\n","protected":false},"excerpt":{"rendered":"<p>Blusa talla grande, elaborada con manta prelavada de algod\u00f3n color crudo y con bordado tenango multicolor. Medidas: Contorno busto 100 cm Largo 51 cm En la espalda lleva el\u00e1stico que puede estirar unos cent\u00edmetros m\u00e1s de las medidas proporcionadas. El color puede variar al que ves en la fotograf\u00eda debido a la distorsi\u00f3n de color [&hellip;]<\/p>\n","protected":false},"featured_media":3560,"comment_status":"open","ping_status":"closed","template":"","meta":{"site-sidebar-layout":"default","site-content-layout":"","ast-site-content-layout":"default","site-content-style":"default","site-sidebar-style":"default","ast-global-header-display":"","ast-banner-title-visibility":"","ast-main-header-display":"","ast-hfb-above-header-display":"","ast-hfb-below-header-display":"","ast-hfb-mobile-header-display":"","site-post-title":"","ast-breadcrumbs-content":"","ast-featured-img":"","footer-sml-layout":"","ast-disable-related-posts":"","theme-transparent-header-meta":"","adv-header-id-meta":"","stick-header-meta":"","header-above-stick-meta":"","header-main-stick-meta":"","header-below-stick-meta":"","astra-migrate-meta-layouts":"default","ast-page-background-enabled":"default","ast-page-background-meta":{"desktop":{"background-color":"","background-image":"","background-repeat":"repeat","background-position":"center center","background-size":"auto","background-attachment":"scroll","background-type":"","background-media":"","overlay-type":"","overlay-color":"","overlay-opacity":"","overlay-gradient":""},"tablet":{"background-color":"","background-image":"","background-repeat":"repeat","background-position":"center center","background-size":"auto","background-attachment":"scroll","background-type":"","background-media":"","overlay-type":"","overlay-color":"","overlay-opacity":"","overlay-gradient":""},"mobile":{"background-color":"","background-image":"","background-repeat":"repeat","background-position":"center center","background-size":"auto","background-attachment":"scroll","background-type":"","background-media":"","overlay-type":"","overlay-color":"","overlay-opacity":"","overlay-gradient":""}},"ast-content-background-meta":{"desktop":{"background-color":"var(--ast-global-color-5)","background-image":"","background-repeat":"repeat","background-position":"center center","background-size":"auto","background-attachment":"scroll","background-type":"","background-media":"","overlay-type":"","overlay-color":"","overlay-opacity":"","overlay-gradient":""},"tablet":{"background-color":"var(--ast-global-color-5)","background-image":"","background-repeat":"repeat","background-position":"center center","background-size":"auto","background-attachment":"scroll","background-type":"","background-media":"","overlay-type":"","overlay-color":"","overlay-opacity":"","overlay-gradient":""},"mobile":{"background-color":"var(--ast-global-color-5)","background-image":"","background-repeat":"repeat","background-position":"center center","background-size":"auto","background-attachment":"scroll","background-type":"","background-media":"","overlay-type":"","overlay-color":"","overlay-opacity":"","overlay-gradient":""}}},"product_brand":[],"product_cat":[50],"product_tag":[],"class_list":{"0":"post-3561","1":"product","2":"type-product","3":"status-publish","4":"has-post-thumbnail","6":"product_cat-mujer","7":"desktop-align-left","8":"tablet-align-left","9":"mobile-align-left","11":"first","12":"outofstock","13":"shipping-taxable","14":"purchasable","15":"product-type-simple"},"jetpack_sharing_enabled":true,"_links":{"self":[{"href":"https:\/\/milatextilesbordados.com\/index.php\/wp-json\/wp\/v2\/product\/3561","targetHints":{"allow":["GET"]}}],"collection":[{"href":"https:\/\/milatextilesbordados.com\/index.php\/wp-json\/wp\/v2\/product"}],"about":[{"href":"https:\/\/milatextilesbordados.com\/index.php\/wp-json\/wp\/v2\/types\/product"}],"replies":[{"embeddable":true,"href":"https:\/\/milatextilesbordados.com\/index.php\/wp-json\/wp\/v2\/comments?post=3561"}],"wp:featuredmedia":[{"embeddable":true,"href":"https:\/\/milatextilesbordados.com\/index.php\/wp-json\/wp\/v2\/media\/3560"}],"wp:attachment":[{"href":"https:\/\/milatextilesbordados.com\/index.php\/wp-json\/wp\/v2\/media?parent=3561"}],"wp:term":[{"taxonomy":"product_brand","embeddable":true,"href":"https:\/\/milatextilesbordados.com\/index.php\/wp-json\/wp\/v2\/product_brand?post=3561"},{"taxonomy":"product_cat","embeddable":true,"href":"https:\/\/milatextilesbordados.com\/index.php\/wp-json\/wp\/v2\/product_cat?post=3561"},{"taxonomy":"product_tag","embeddable":true,"href":"https:\/\/milatextilesbordados.com\/index.php\/wp-json\/wp\/v2\/product_tag?post=3561"}],"curies":[{"name":"wp","href":"https:\/\/api.w.org\/{rel}","templated":true}]}}