{"id":3742,"date":"2025-06-11T14:50:49","date_gmt":"2025-06-11T20:50:49","guid":{"rendered":"https:\/\/milatextilesbordados.com\/index.php\/producto\/vestido-verde-talla-chica\/"},"modified":"2025-06-11T14:50:51","modified_gmt":"2025-06-11T20:50:51","slug":"vestido-verde-talla-chica","status":"publish","type":"product","link":"https:\/\/milatextilesbordados.com\/index.php\/producto\/vestido-verde-talla-chica\/","title":{"rendered":"Vestido Verde Talla Chica"},"content":{"rendered":"<p style=\"border: 0px;font-size: 14px;font-style: normal;font-weight: 400;margin: 0px 0px 1em;padding: 0px;vertical-align: baseline;font-family: Montserrat, sans-serif;letter-spacing: normal;text-align: start;text-indent: 0px;text-transform: none;text-decoration: none\">Vestido color verde talla chica, elaborado con tela techno que contiene spandex, y con bordado a mano tenango multicolor.<\/p>\n<p style=\"border: 0px;font-size: 14px;font-style: normal;font-weight: 400;margin: 0px 0px 1em;padding: 0px;vertical-align: baseline;font-family: Montserrat, sans-serif;letter-spacing: normal;text-align: start;text-indent: 0px;text-transform: none;text-decoration: none\"><strong style=\"font-weight: 700\">Medidas<\/strong>:<\/p>\n<p style=\"border: 0px;font-size: 14px;font-style: normal;font-weight: 400;margin: 0px 0px 1em;padding: 0px;vertical-align: baseline;font-family: Montserrat, sans-serif;letter-spacing: normal;text-align: start;text-indent: 0px;text-transform: none;text-decoration: none\">Contorno busto 89 cm<\/p>\n<p style=\"border: 0px;font-size: 14px;font-style: normal;font-weight: 400;margin: 0px 0px 1em;padding: 0px;vertical-align: baseline;font-family: Montserrat, sans-serif;letter-spacing: normal;text-align: start;text-indent: 0px;text-transform: none;text-decoration: none\">Contorno cintura 78 cm<\/p>\n<p style=\"border: 0px;font-size: 14px;font-style: normal;font-weight: 400;margin: 0px 0px 1em;padding: 0px;vertical-align: baseline;font-family: Montserrat, sans-serif;letter-spacing: normal;text-align: start;text-indent: 0px;text-transform: none;text-decoration: none\">Contorno cadera 90 cm<\/p>\n<p style=\"border: 0px;font-size: 14px;font-style: normal;font-weight: 400;margin: 0px 0px 1em;padding: 0px;vertical-align: baseline;font-family: Montserrat, sans-serif;letter-spacing: normal;text-align: start;text-indent: 0px;text-transform: none;text-decoration: none\">Talle 38 cm<\/p>\n<p style=\"border: 0px;font-size: 14px;font-style: normal;font-weight: 400;margin: 0px 0px 1em;padding: 0px;vertical-align: baseline;font-family: Montserrat, sans-serif;letter-spacing: normal;text-align: start;text-indent: 0px;text-transform: none;text-decoration: none\">Largo falda 51 cm<\/p>\n<p style=\"border: 0px;font-size: 14px;font-style: normal;font-weight: 400;margin: 0px 0px 1em;padding: 0px;vertical-align: baseline;font-family: Montserrat, sans-serif;letter-spacing: normal;text-align: start;text-indent: 0px;text-transform: none;text-decoration: none\">La tela lleva spandex, puede estirar unos cent\u00edmetros m\u00e1s de las medidas aqu\u00ed proporcionadas.<\/p>\n<p style=\"border: 0px;font-size: 14px;font-style: normal;font-weight: 400;margin: 0px;padding: 0px;vertical-align: baseline;font-family: Montserrat, sans-serif;letter-spacing: normal;text-align: start;text-indent: 0px;text-transform: none;text-decoration: none\">El color puede variar al que ves en la fotograf\u00eda debido a la distorsi\u00f3n de color de pantalla de cada dispositivo.<\/p>\n","protected":false},"excerpt":{"rendered":"<p>Vestido color verde talla chica, elaborado con tela techno que contiene spandex, y con bordado a mano tenango multicolor. Medidas: Contorno busto 89 cm Contorno cintura 78 cm Contorno cadera 90 cm Talle 38 cm Largo falda 51 cm La tela lleva spandex, puede estirar unos cent\u00edmetros m\u00e1s de las medidas aqu\u00ed proporcionadas. El color [&hellip;]<\/p>\n","protected":false},"featured_media":3741,"comment_status":"open","ping_status":"closed","template":"","meta":{"site-sidebar-layout":"default","site-content-layout":"","ast-site-content-layout":"default","site-content-style":"default","site-sidebar-style":"default","ast-global-header-display":"","ast-banner-title-visibility":"","ast-main-header-display":"","ast-hfb-above-header-display":"","ast-hfb-below-header-display":"","ast-hfb-mobile-header-display":"","site-post-title":"","ast-breadcrumbs-content":"","ast-featured-img":"","footer-sml-layout":"","ast-disable-related-posts":"","theme-transparent-header-meta":"","adv-header-id-meta":"","stick-header-meta":"","header-above-stick-meta":"","header-main-stick-meta":"","header-below-stick-meta":"","astra-migrate-meta-layouts":"default","ast-page-background-enabled":"default","ast-page-background-meta":{"desktop":{"background-color":"","background-image":"","background-repeat":"repeat","background-position":"center center","background-size":"auto","background-attachment":"scroll","background-type":"","background-media":"","overlay-type":"","overlay-color":"","overlay-opacity":"","overlay-gradient":""},"tablet":{"background-color":"","background-image":"","background-repeat":"repeat","background-position":"center center","background-size":"auto","background-attachment":"scroll","background-type":"","background-media":"","overlay-type":"","overlay-color":"","overlay-opacity":"","overlay-gradient":""},"mobile":{"background-color":"","background-image":"","background-repeat":"repeat","background-position":"center center","background-size":"auto","background-attachment":"scroll","background-type":"","background-media":"","overlay-type":"","overlay-color":"","overlay-opacity":"","overlay-gradient":""}},"ast-content-background-meta":{"desktop":{"background-color":"var(--ast-global-color-5)","background-image":"","background-repeat":"repeat","background-position":"center center","background-size":"auto","background-attachment":"scroll","background-type":"","background-media":"","overlay-type":"","overlay-color":"","overlay-opacity":"","overlay-gradient":""},"tablet":{"background-color":"var(--ast-global-color-5)","background-image":"","background-repeat":"repeat","background-position":"center center","background-size":"auto","background-attachment":"scroll","background-type":"","background-media":"","overlay-type":"","overlay-color":"","overlay-opacity":"","overlay-gradient":""},"mobile":{"background-color":"var(--ast-global-color-5)","background-image":"","background-repeat":"repeat","background-position":"center center","background-size":"auto","background-attachment":"scroll","background-type":"","background-media":"","overlay-type":"","overlay-color":"","overlay-opacity":"","overlay-gradient":""}}},"product_brand":[],"product_cat":[50],"product_tag":[],"class_list":{"0":"post-3742","1":"product","2":"type-product","3":"status-publish","4":"has-post-thumbnail","6":"product_cat-mujer","7":"desktop-align-left","8":"tablet-align-left","9":"mobile-align-left","11":"first","12":"instock","13":"shipping-taxable","14":"purchasable","15":"product-type-simple"},"jetpack_sharing_enabled":true,"_links":{"self":[{"href":"https:\/\/milatextilesbordados.com\/index.php\/wp-json\/wp\/v2\/product\/3742","targetHints":{"allow":["GET"]}}],"collection":[{"href":"https:\/\/milatextilesbordados.com\/index.php\/wp-json\/wp\/v2\/product"}],"about":[{"href":"https:\/\/milatextilesbordados.com\/index.php\/wp-json\/wp\/v2\/types\/product"}],"replies":[{"embeddable":true,"href":"https:\/\/milatextilesbordados.com\/index.php\/wp-json\/wp\/v2\/comments?post=3742"}],"wp:featuredmedia":[{"embeddable":true,"href":"https:\/\/milatextilesbordados.com\/index.php\/wp-json\/wp\/v2\/media\/3741"}],"wp:attachment":[{"href":"https:\/\/milatextilesbordados.com\/index.php\/wp-json\/wp\/v2\/media?parent=3742"}],"wp:term":[{"taxonomy":"product_brand","embeddable":true,"href":"https:\/\/milatextilesbordados.com\/index.php\/wp-json\/wp\/v2\/product_brand?post=3742"},{"taxonomy":"product_cat","embeddable":true,"href":"https:\/\/milatextilesbordados.com\/index.php\/wp-json\/wp\/v2\/product_cat?post=3742"},{"taxonomy":"product_tag","embeddable":true,"href":"https:\/\/milatextilesbordados.com\/index.php\/wp-json\/wp\/v2\/product_tag?post=3742"}],"curies":[{"name":"wp","href":"https:\/\/api.w.org\/{rel}","templated":true}]}}