{"id":3908,"date":"2025-09-01T12:39:39","date_gmt":"2025-09-01T18:39:39","guid":{"rendered":"https:\/\/milatextilesbordados.com\/index.php\/producto\/blusa-olan-talla-chica-2\/"},"modified":"2025-09-19T05:59:32","modified_gmt":"2025-09-19T11:59:32","slug":"blusa-olan-talla-chica-2","status":"publish","type":"product","link":"https:\/\/milatextilesbordados.com\/index.php\/producto\/blusa-olan-talla-chica-2\/","title":{"rendered":"Blusa Ol\u00e1n Talla Chica"},"content":{"rendered":"<div class=\"woocommerce-tabs wc-tabs-wrapper\" style=\"clear: both;padding-top: 2em;margin-bottom: 4em;width: 386.90625px;display: block\">\n<div class=\"woocommerce-Tabs-panel woocommerce-Tabs-panel--description panel entry-content wc-tab\" id=\"tab-description\" role=\"tabpanel\" aria-labelledby=\"tab-title-description\" style=\"margin: 0px 0px 1.2em;padding: 0px\">\n<p style=\"border: 0px;font-size: 14px;font-style: inherit;font-weight: inherit;margin: 0px 0px 1em;padding: 0px;vertical-align: baseline\">Blusa talla chica elaborada con tela corrugada color hueso y con bordado tenango color negro.<\/p>\n<p style=\"border: 0px;font-size: 14px;font-style: inherit;font-weight: inherit;margin: 0px 0px 1em;padding: 0px;vertical-align: baseline\"><strong style=\"font-weight: 700\">Medidas<\/strong>:<\/p>\n<p style=\"border: 0px;font-size: 14px;font-style: inherit;font-weight: inherit;margin: 0px 0px 1em;padding: 0px;vertical-align: baseline\">Contorno busto 90 cm<\/p>\n<p style=\"border: 0px;font-size: 14px;font-style: inherit;font-weight: inherit;margin: 0px 0px 1em;padding: 0px;vertical-align: baseline\">Largo blusa 56 cm<\/p>\n<p style=\"border: 0px;font-size: 14px;font-style: inherit;font-weight: inherit;margin: 0px 0px 1em;padding: 0px;vertical-align: baseline\">Debido a la tela corrugada puede estirar un par de cent\u00edmetros m\u00e1s de las medidas proporcionadas.<\/p>\n<p style=\"border: 0px;font-size: 14px;font-style: inherit;font-weight: inherit;margin: 0px;padding: 0px;vertical-align: baseline\">El color puede variar al que ves en la fotograf\u00eda debido a la distorsi\u00f3n de color de pantalla de cada dispositivo.<\/p>\n<\/div>\n<\/div>\n","protected":false},"excerpt":{"rendered":"<p>Blusa talla chica elaborada con tela corrugada color hueso y con bordado tenango color negro. Medidas: Contorno busto 90 cm Largo blusa 56 cm Debido a la tela corrugada puede estirar un par de cent\u00edmetros m\u00e1s de las medidas proporcionadas. El color puede variar al que ves en la fotograf\u00eda debido a la distorsi\u00f3n de [&hellip;]<\/p>\n","protected":false},"featured_media":3907,"comment_status":"open","ping_status":"closed","template":"","meta":{"site-sidebar-layout":"default","site-content-layout":"","ast-site-content-layout":"default","site-content-style":"default","site-sidebar-style":"default","ast-global-header-display":"","ast-banner-title-visibility":"","ast-main-header-display":"","ast-hfb-above-header-display":"","ast-hfb-below-header-display":"","ast-hfb-mobile-header-display":"","site-post-title":"","ast-breadcrumbs-content":"","ast-featured-img":"","footer-sml-layout":"","ast-disable-related-posts":"","theme-transparent-header-meta":"","adv-header-id-meta":"","stick-header-meta":"","header-above-stick-meta":"","header-main-stick-meta":"","header-below-stick-meta":"","astra-migrate-meta-layouts":"default","ast-page-background-enabled":"default","ast-page-background-meta":{"desktop":{"background-color":"","background-image":"","background-repeat":"repeat","background-position":"center center","background-size":"auto","background-attachment":"scroll","background-type":"","background-media":"","overlay-type":"","overlay-color":"","overlay-opacity":"","overlay-gradient":""},"tablet":{"background-color":"","background-image":"","background-repeat":"repeat","background-position":"center center","background-size":"auto","background-attachment":"scroll","background-type":"","background-media":"","overlay-type":"","overlay-color":"","overlay-opacity":"","overlay-gradient":""},"mobile":{"background-color":"","background-image":"","background-repeat":"repeat","background-position":"center center","background-size":"auto","background-attachment":"scroll","background-type":"","background-media":"","overlay-type":"","overlay-color":"","overlay-opacity":"","overlay-gradient":""}},"ast-content-background-meta":{"desktop":{"background-color":"var(--ast-global-color-5)","background-image":"","background-repeat":"repeat","background-position":"center center","background-size":"auto","background-attachment":"scroll","background-type":"","background-media":"","overlay-type":"","overlay-color":"","overlay-opacity":"","overlay-gradient":""},"tablet":{"background-color":"var(--ast-global-color-5)","background-image":"","background-repeat":"repeat","background-position":"center center","background-size":"auto","background-attachment":"scroll","background-type":"","background-media":"","overlay-type":"","overlay-color":"","overlay-opacity":"","overlay-gradient":""},"mobile":{"background-color":"var(--ast-global-color-5)","background-image":"","background-repeat":"repeat","background-position":"center center","background-size":"auto","background-attachment":"scroll","background-type":"","background-media":"","overlay-type":"","overlay-color":"","overlay-opacity":"","overlay-gradient":""}}},"product_brand":[],"product_cat":[50],"product_tag":[],"class_list":{"0":"post-3908","1":"product","2":"type-product","3":"status-publish","4":"has-post-thumbnail","6":"product_cat-mujer","7":"desktop-align-left","8":"tablet-align-left","9":"mobile-align-left","11":"first","12":"outofstock","13":"shipping-taxable","14":"purchasable","15":"product-type-simple"},"jetpack_sharing_enabled":true,"_links":{"self":[{"href":"https:\/\/milatextilesbordados.com\/index.php\/wp-json\/wp\/v2\/product\/3908","targetHints":{"allow":["GET"]}}],"collection":[{"href":"https:\/\/milatextilesbordados.com\/index.php\/wp-json\/wp\/v2\/product"}],"about":[{"href":"https:\/\/milatextilesbordados.com\/index.php\/wp-json\/wp\/v2\/types\/product"}],"replies":[{"embeddable":true,"href":"https:\/\/milatextilesbordados.com\/index.php\/wp-json\/wp\/v2\/comments?post=3908"}],"wp:featuredmedia":[{"embeddable":true,"href":"https:\/\/milatextilesbordados.com\/index.php\/wp-json\/wp\/v2\/media\/3907"}],"wp:attachment":[{"href":"https:\/\/milatextilesbordados.com\/index.php\/wp-json\/wp\/v2\/media?parent=3908"}],"wp:term":[{"taxonomy":"product_brand","embeddable":true,"href":"https:\/\/milatextilesbordados.com\/index.php\/wp-json\/wp\/v2\/product_brand?post=3908"},{"taxonomy":"product_cat","embeddable":true,"href":"https:\/\/milatextilesbordados.com\/index.php\/wp-json\/wp\/v2\/product_cat?post=3908"},{"taxonomy":"product_tag","embeddable":true,"href":"https:\/\/milatextilesbordados.com\/index.php\/wp-json\/wp\/v2\/product_tag?post=3908"}],"curies":[{"name":"wp","href":"https:\/\/api.w.org\/{rel}","templated":true}]}}